{"id":84,"date":"2023-12-11T13:05:57","date_gmt":"2023-12-11T12:05:57","guid":{"rendered":"https:\/\/casa-lini.com\/?page_id=84"},"modified":"2023-12-15T06:59:11","modified_gmt":"2023-12-15T05:59:11","slug":"home","status":"publish","type":"page","link":"https:\/\/casa-lini.com\/","title":{"rendered":"home"},"content":{"rendered":"<p>[vc_row row_type=&#8220;row&#8220; use_row_as_full_screen_section=&#8220;no&#8220; type=&#8220;grid&#8220; text_align=&#8220;left&#8220; background_image=&#8220;750&#8243; background_animation=&#8220;none&#8220; css_animation=&#8220;&#8220; css=&#8220;.vc_custom_1702119367905{background-image: url(https:\/\/casa-lini.com\/wp-content\/uploads\/2023\/12\/02.jpg?id=34) !important;}&#8220;][vc_column css=&#8220;.vc_custom_1702119772454{background-position: center !important;background-repeat: no-repeat !important;background-size: contain !important;}&#8220; offset=&#8220;vc_hidden-xs&#8220;][vc_column_text css=&#8220;.vc_custom_1702617910195{padding-top: 150px !important;}&#8220;]<\/p>\n<h1>Casa Lini Puglia<\/h1>\n<p>[\/vc_column_text][vc_column_text css=&#8220;.vc_custom_1702617952124{padding-top: 10px !important;padding-bottom: 350px !important;}&#8220;]<\/p>\n<h3>Temporary Paradise<\/h3>\n<p>[\/vc_column_text]<a href=\"https:\/\/casa-lini.com\/index.php\/booking\/\" target=\"_self\" data-hover-background-color=#ead8c1 data-hover-border-color=#ead8c1 data-hover-color=#787b27 class=\"qbutton  medium move_icon qbutton_with_icon\" style=\"color: #ead8c1; border-color: #787b27; margin: 0px 0px 0px 0px; border-radius: 4px;-moz-border-radius: 4px;-webkit-border-radius: 4px; background-color: #787b27;\">booking<span class=\"button_icon  custom_icon_size q_font_elegant_icon arrow_carrot-2right\" aria-hidden=\"true\" style=\"font-size: 20px;\"><\/span><\/a>[\/vc_column][\/vc_row][vc_row row_type=&#8220;row&#8220; use_row_as_full_screen_section=&#8220;no&#8220; type=&#8220;grid&#8220; text_align=&#8220;left&#8220; background_image=&#8220;750&#8243; background_animation=&#8220;none&#8220; css_animation=&#8220;&#8220; css=&#8220;.vc_custom_1702119586636{background-image: url(https:\/\/casa-lini.com\/wp-content\/uploads\/2023\/12\/02_500x900.jpg?id=36) !important;}&#8220;][vc_column css=&#8220;.vc_custom_1702119765658{background-position: center !important;background-repeat: no-repeat !important;background-size: contain !important;}&#8220; offset=&#8220;vc_hidden-lg vc_hidden-md vc_hidden-sm&#8220;][vc_column_text]<\/p>\n<h1>Casa Lini Puglia<\/h1>\n<p>[\/vc_column_text][vc_column_text css=&#8220;.vc_custom_1702416588582{padding-top: 20px !important;padding-bottom: 270px !important;}&#8220;]<\/p>\n<h3>Temporary Paradise<\/h3>\n<p>[\/vc_column_text]<a href=\"https:\/\/casa-lini.com\/index.php\/booking\/\" target=\"_self\" data-hover-background-color=#ead8c1 data-hover-border-color=#ead8c1 data-hover-color=#787b27 class=\"qbutton  medium move_icon qbutton_with_icon\" style=\"color: #ead8c1; border-color: #787b27; margin: 0px 0px 0px 0px; border-radius: 4px;-moz-border-radius: 4px;-webkit-border-radius: 4px; background-color: #787b27;\">booking<span class=\"button_icon  custom_icon_size q_font_elegant_icon arrow_carrot-2right\" aria-hidden=\"true\" style=\"font-size: 20px;\"><\/span><\/a>[\/vc_column][\/vc_row][vc_row row_type=&#8220;row&#8220; use_row_as_full_screen_section=&#8220;no&#8220; type=&#8220;full_width&#8220; text_align=&#8220;left&#8220; background_animation=&#8220;none&#8220; side_padding=&#8220;30&#8243; css_animation=&#8220;element_from_fade&#8220; transition_delay=&#8220;300&#8243;][vc_column width=&#8220;1\/2&#8243; css=&#8220;.vc_custom_1679405612555{padding-top: 30px !important;}&#8220;][vc_single_image image=&#8220;50&#8243; img_size=&#8220;full&#8220; qode_css_animation=&#8220;element_from_fade&#8220; transition_delay=&#8220;0.3&#8243;][\/vc_column][vc_column width=&#8220;1\/2&#8243; css=&#8220;.vc_custom_1679405618411{padding-top: 30px !important;}&#8220;][vc_single_image image=&#8220;51&#8243; img_size=&#8220;full&#8220; qode_css_animation=&#8220;element_from_fade&#8220; transition_delay=&#8220;0.6&#8243;][\/vc_column][\/vc_row][vc_row row_type=&#8220;row&#8220; use_row_as_full_screen_section=&#8220;no&#8220; type=&#8220;full_width&#8220; text_align=&#8220;left&#8220; background_animation=&#8220;none&#8220; side_padding=&#8220;30&#8243; padding_bottom=&#8220;30&#8243; css_animation=&#8220;element_from_fade&#8220; transition_delay=&#8220;300&#8243;][vc_column width=&#8220;1\/2&#8243; css=&#8220;.vc_custom_1679405612555{padding-top: 30px !important;}&#8220;][vc_single_image image=&#8220;52&#8243; img_size=&#8220;full&#8220; qode_css_animation=&#8220;element_from_fade&#8220; transition_delay=&#8220;0.3&#8243;][\/vc_column][vc_column width=&#8220;1\/2&#8243; css=&#8220;.vc_custom_1679405618411{padding-top: 30px !important;}&#8220;][vc_single_image image=&#8220;53&#8243; img_size=&#8220;full&#8220; qode_css_animation=&#8220;element_from_fade&#8220; transition_delay=&#8220;0.6&#8243;][\/vc_column][\/vc_row][vc_row row_type=&#8220;row&#8220; use_row_as_full_screen_section=&#8220;no&#8220; type=&#8220;full_width&#8220; text_align=&#8220;left&#8220; background_animation=&#8220;none&#8220; css_animation=&#8220;&#8220;][vc_column][vc_empty_space height=&#8220;20px&#8220; css=&#8220;.vc_custom_1702398107421{background-color: #a9ae7d !important;}&#8220;][\/vc_column][\/vc_row][vc_row row_type=&#8220;row&#8220; use_row_as_full_screen_section=&#8220;no&#8220; type=&#8220;grid&#8220; anchor=&#8220;allgemeines&#8220; text_align=&#8220;left&#8220; background_animation=&#8220;none&#8220; padding_bottom=&#8220;30&#8243; css_animation=&#8220;&#8220;][vc_column css=&#8220;.vc_custom_1702216935786{padding-top: 30px !important;padding-right: 50px !important;padding-left: 50px !important;}&#8220;][vc_single_image image=&#8220;297&#8243; img_size=&#8220;20&#215;20&#8243; qode_css_animation=&#8220;&#8220;][vc_row_inner row_type=&#8220;row&#8220; type=&#8220;full_width&#8220; use_row_as_full_screen_section_slide=&#8220;no&#8220; text_align=&#8220;left&#8220; padding_top=&#8220;20&#8243; css_animation=&#8220;&#8220;][vc_column_inner][vc_column_text css=&#8220;.vc_custom_1702397580429{padding-bottom: 20px !important;}&#8220;]<\/p>\n<h4>Die Casa Lini ist ein wundersch\u00f6nes Ferienhaus in Apulien im Valle d&#8217;Itria im Dreieck zwischen den St\u00e4dten Ostuni, Cisternino und Ceglie Messapica.<\/h4>\n<p>[\/vc_column_text][\/vc_column_inner][\/vc_row_inner][vc_accordion active_tab=&#8220;&#8220; collapsible=&#8220;yes&#8220; style=&#8220;accordion&#8220;][vc_accordion_tab title=&#8220;weiter lesen \u2026&#8220; title_color=&#8220;#787b27&#8243; title_tag=&#8220;h5&#8243;][vc_column_text css=&#8220;.vc_custom_1702619227383{padding-top: 30px !important;padding-bottom: 50px !important;}&#8220;]Das Meer auf der adriatischen Seite ist 25 min (zum Beispiel Lido Morelli) und das ionische Meer (zum Beipiel San Pietro in Bevagna) 50 min mit dem Auto entfernt.<\/p>\n<p>&nbsp;<\/p>\n<p>Das Haus ist f\u00fcr acht Personen ausgelegt. Es verf\u00fcgt \u00fcber vier Doppelschlafzimmer, vier B\u00e4der, zwei WC und eine gro\u00dfe Wohnk\u00fcche mit dem Wohnzimmer. Zudem gibt es eine gro\u00dfe Terrasse mit separatem, \u00fcberdachtem Essplatz einschliesslich Gasgrill-Barbecue.<\/p>\n<p>&nbsp;<\/p>\n<p>Der 90m\u00b2 Pool (6 x 15 m) ist w\u00e4hrend der langen Sommersaison in Apulien das Erfrischungszentrum der Casa Lini. Das Anwesen befindet sich auf einem H\u00fcgel mit traumhaften Blick \u2013 ob am oder im Pool \u2013 auf das Valle d&#8217;Itria. Aufgrund der Topografie weht auch in hei\u00dfen Sommertagen immer ein k\u00fchlender, leichter Wind. Umgeben wird das Haus von zahlreichen Oliven-, Mandel- und Feigenb\u00e4umen. Eine paradiesische Ruhe umgibt das Haus, ohne Stra\u00dfenl\u00e4rm oder L\u00e4rm von Nachbargrundst\u00fccken.<\/p>\n<p>&nbsp;<\/p>\n<p>Im Haus befindet sich eine komplett eingerichtete K\u00fcche mit Gas- und Induktionsherd, Wasserkocher, Toaster, Ofen und K\u00fchl- und Eisschrank. Daneben gibt es bei Bedarf eine Gasheizung und einen Kamin.<\/p>\n<p>&nbsp;<\/p>\n<p>Drau\u00dfen befindet sich ein \u00fcberdachter Essplatz f\u00fcr acht Personen. Der gro\u00dfe Gasgrill direkt nebem dem Tisch l\u00e4dt zum Barbecue ein. Auf der Terrasse finden Sie sechs Sonnenliegen, eine antike Holzbank, vier blaue Loungechairs und eine gem\u00fctliche Rattansitzecke. Zus\u00e4tzlich gibt es eine H\u00e4ngematte im Garten zum Chillen.<\/p>\n<p>&nbsp;<\/p>\n<p>Das n\u00e4chstgelegene Dorf heisst Casalini (ca. 5 km). Dort finden Sie einen kleinen Supermarkt, eine Pizzeria und eine sehr gutes Restaurant (Locanda). Die n\u00e4chstgelegenen gro\u00dfe Superm\u00e4rkte finden Sie in Cisternino (zum Beispiel CSette mit gro\u00dfer Fisch- und Fleischtheke) und in Ostuni und Ceglie Messapica. Nat\u00fcrlich gibt es in den Orten auch kleinere Obst- und Gem\u00fcsel\u00e4den, Fischl\u00e4den und Metzgereien (Macelleria), die sehr zu empfehlen sind.<\/p>\n<p>&nbsp;<\/p>\n<p>Bedingt durch den gro\u00dfen Pool und die Bauweise des Hauses mit unterschiedlichen Ebenen, ist die Casa Lini f\u00fcr Kleinkinder nicht geeignet.[\/vc_column_text][\/vc_accordion_tab][\/vc_accordion][\/vc_column][\/vc_row][vc_row row_type=&#8220;row&#8220; use_row_as_full_screen_section=&#8220;no&#8220; type=&#8220;full_width&#8220; text_align=&#8220;left&#8220; background_animation=&#8220;none&#8220; css_animation=&#8220;&#8220;][vc_column][vc_empty_space height=&#8220;20px&#8220; css=&#8220;.vc_custom_1702398107421{background-color: #a9ae7d !important;}&#8220;][\/vc_column][\/vc_row][vc_row row_type=&#8220;row&#8220; use_row_as_full_screen_section=&#8220;no&#8220; type=&#8220;grid&#8220; anchor=&#8220;allgemeines&#8220; text_align=&#8220;left&#8220; background_animation=&#8220;none&#8220; padding_bottom=&#8220;30&#8243; css_animation=&#8220;&#8220;][vc_column css=&#8220;.vc_custom_1702216935786{padding-top: 30px !important;padding-right: 50px !important;padding-left: 50px !important;}&#8220;][vc_single_image image=&#8220;298&#8243; img_size=&#8220;20&#215;20&#8243; qode_css_animation=&#8220;&#8220;][vc_row_inner row_type=&#8220;row&#8220; type=&#8220;full_width&#8220; use_row_as_full_screen_section_slide=&#8220;no&#8220; text_align=&#8220;left&#8220; padding_top=&#8220;20&#8243; css_animation=&#8220;&#8220;][vc_column_inner][vc_column_text css=&#8220;.vc_custom_1702399878716{padding-bottom: 20px !important;}&#8220;]<\/p>\n<h4>Casa Lini is a beautiful vacation home in Puglia in the Valle d&#8217;Itria in the triangle between Ostuni, Cisternino and Ceglie Messapica.<\/h4>\n<p>[\/vc_column_text][\/vc_column_inner][\/vc_row_inner][vc_accordion active_tab=&#8220;&#8220; collapsible=&#8220;yes&#8220; style=&#8220;accordion&#8220;][vc_accordion_tab title=&#8220;read more \u2026&#8220; title_color=&#8220;#787b27&#8243; title_tag=&#8220;h5&#8243;][vc_column_text css=&#8220;.vc_custom_1702619270420{padding-top: 30px !important;padding-bottom: 50px !important;}&#8220;]The sea on the Adriatic side (for example Lido Morelli) is 25 minutes away by car and the Ionian Sea (for example Bevenga di St. Pietro) is 50 minutes away by car.<\/p>\n<p>&nbsp;<\/p>\n<p>Casa Lini is designed for eight people. It has four double bedrooms, four bathrooms, two toilets and a large eat-in kitchen with a living room. There is also a large terrace with a separate, covered dining area including a gas barbecue.<\/p>\n<p>&nbsp;<\/p>\n<p>The 90m\u00b2 pool (6 x 15 m) is the refreshment center of Casa Lini during the long summer season in Puglia. The property is situated on a hill with a fantastic view \u2013 whether by or in the pool \u2013 of the Valle d&#8217;Itria. Due to topography, there is always a cooling, gentle breeze, even on hot summer days. The house is surrounded by numerous olive, almond and fig trees. Tranquillity is paradisiacal, without street noise or noise from neighboring properties.<\/p>\n<p>&nbsp;<\/p>\n<p>The house has a fully equipped kitchen with gas and induction hob, kettle, toaster, oven, fridge and freezer. There is also gas heating and a fireplace if required.<\/p>\n<p>&nbsp;<\/p>\n<p>Outside you have a covered dining area for eight people. The large gas barbecue right next to the table is ideal for rich dinners. On the terrace you will find six sun beds, an antique wooden bench, four blue lounge chairs and a cozy rattan seating area. There is also a hammock in the garden for chilling out.<\/p>\n<p>&nbsp;<\/p>\n<p>The nearest village is Casalini (5 km). There you will find a small supermarket, a pizzeria and a very good restaurant (Locanda). The nearest large supermarkets are in Cisternino (for example CSette with a large fish and meat counter) and in Ostuni and Ceglie Messapica. Of course, there are also smaller fruit and vegetable stores, fishmongers and butchers (macelleria), which are highly recommended.<\/p>\n<p>&nbsp;<\/p>\n<p>Due to the large pool and the construction of the house with different levels, Casa Lini is not suitable for small children.[\/vc_column_text][\/vc_accordion_tab][\/vc_accordion][\/vc_column][\/vc_row][vc_row row_type=&#8220;row&#8220; use_row_as_full_screen_section=&#8220;no&#8220; type=&#8220;grid&#8220; text_align=&#8220;left&#8220; background_color=&#8220;#a9ae7d&#8220; background_animation=&#8220;none&#8220; css_animation=&#8220;&#8220;][vc_column width=&#8220;1\/2&#8243; css=&#8220;.vc_custom_1680514056729{padding-top: 30px !important;padding-bottom: 30px !important;}&#8220;][vc_row_inner row_type=&#8220;row&#8220; type=&#8220;full_width&#8220; use_row_as_full_screen_section_slide=&#8220;no&#8220; text_align=&#8220;left&#8220; css_animation=&#8220;&#8220;][vc_column_inner][vc_column_text css=&#8220;.vc_custom_1702392839696{padding-top: 20px !important;}&#8220;]<\/p>\n<h1>Contact us<\/h1>\n<p>[\/vc_column_text][\/vc_column_inner][\/vc_row_inner][vc_row_inner row_type=&#8220;row&#8220; type=&#8220;full_width&#8220; use_row_as_full_screen_section_slide=&#8220;no&#8220; text_align=&#8220;left&#8220; css_animation=&#8220;&#8220;][vc_column_inner][vc_column_text css=&#8220;.vc_custom_1702381311529{padding-top: 20px !important;}&#8220;]<span style=\"color: #ead8c1;\">Casa Lini <\/span><br \/>\n<span style=\"color: #ead8c1;\">72017 Ostuni BR Italia<br \/>\n<\/span><\/p>\n<p><span style=\"color: #ead8c1;\"><a style=\"color: #ead8c1;\" href=\"mailto:booking@casa-lini.com\">booking@casa-lini.com<\/a><\/span><\/p>\n<p>&nbsp;<\/p>\n<p><span style=\"color: #ead8c1;\"><a style=\"color: #ead8c1;\" href=\"https:\/\/casa-lini.com\/index.php\/imprint\">Imprint<\/a><\/span>[\/vc_column_text][\/vc_column_inner][\/vc_row_inner][\/vc_column][vc_column width=&#8220;1\/2&#8243;][vc_single_image image=&#8220;98&#8243; img_size=&#8220;full&#8220; onclick=&#8220;zoom&#8220; qode_css_animation=&#8220;element_from_fade&#8220; transition_delay=&#8220;0.3&#8243;][\/vc_column][\/vc_row]<\/p>\n","protected":false},"excerpt":{"rendered":"<p>[vc_row row_type=&#8220;row&#8220; use_row_as_full_screen_section=&#8220;no&#8220; type=&#8220;grid&#8220; text_align=&#8220;left&#8220; background_image=&#8220;750&#8243; background_animation=&#8220;none&#8220; css_animation=&#8220;&#8220; css=&#8220;.vc_custom_1702119367905{background-image: url(https:\/\/casa-lini.com\/wp-content\/uploads\/2023\/12\/02.jpg?id=34) !important;}&#8220;][vc_column css=&#8220;.vc_custom_1702119772454{background-position: center !important;background-repeat: no-repeat !important;background-size: contain !important;}&#8220; offset=&#8220;vc_hidden-xs&#8220;][vc_column_text css=&#8220;.vc_custom_1702617910195{padding-top: 150px !important;}&#8220;] Casa Lini Puglia [\/vc_column_text][vc_column_text css=&#8220;.vc_custom_1702617952124{padding-top: 10px !important;padding-bottom: 350px !important;}&#8220;] Temporary Paradise [\/vc_column_text][\/vc_column][\/vc_row][vc_row row_type=&#8220;row&#8220; use_row_as_full_screen_section=&#8220;no&#8220; type=&#8220;grid&#8220; text_align=&#8220;left&#8220; background_image=&#8220;750&#8243; background_animation=&#8220;none&#8220; css_animation=&#8220;&#8220; css=&#8220;.vc_custom_1702119586636{background-image: url(https:\/\/casa-lini.com\/wp-content\/uploads\/2023\/12\/02_500x900.jpg?id=36) !important;}&#8220;][vc_column css=&#8220;.vc_custom_1702119765658{background-position:&#8230;<\/p>\n","protected":false},"author":1,"featured_media":0,"parent":0,"menu_order":0,"comment_status":"closed","ping_status":"closed","template":"full_width.php","meta":{"footnotes":""},"class_list":["post-84","page","type-page","status-publish","hentry"],"yoast_head":"<!-- This site is optimized with the Yoast SEO plugin v21.6 - https:\/\/yoast.com\/wordpress\/plugins\/seo\/ -->\n<title>Casa Lini Puglia for rent<\/title>\n<meta name=\"robots\" content=\"index, follow, max-snippet:-1, max-image-preview:large, max-video-preview:-1\" \/>\n<link rel=\"canonical\" href=\"https:\/\/casa-lini.com\/\" \/>\n<meta property=\"og:locale\" content=\"de_DE\" \/>\n<meta property=\"og:type\" content=\"article\" \/>\n<meta property=\"og:title\" content=\"Casa Lini Puglia for rent\" \/>\n<meta property=\"og:description\" content=\"[vc_row row_type=&#8220;row&#8220; use_row_as_full_screen_section=&#8220;no&#8220; type=&#8220;grid&#8220; text_align=&#8220;left&#8220; background_image=&#8220;750&#8243; background_animation=&#8220;none&#8220; css_animation=&#8220;&#8220; css=&#8220;.vc_custom_1702119367905{background-image: url(https:\/\/casa-lini.com\/wp-content\/uploads\/2023\/12\/02.jpg?id=34) !important;}&#8220;][vc_column css=&#8220;.vc_custom_1702119772454{background-position: center !important;background-repeat: no-repeat !important;background-size: contain !important;}&#8220; offset=&#8220;vc_hidden-xs&#8220;][vc_column_text css=&#8220;.vc_custom_1702617910195{padding-top: 150px !important;}&#8220;] Casa Lini Puglia [\/vc_column_text][vc_column_text css=&#8220;.vc_custom_1702617952124{padding-top: 10px !important;padding-bottom: 350px !important;}&#8220;] Temporary Paradise [\/vc_column_text][\/vc_column][\/vc_row][vc_row row_type=&#8220;row&#8220; use_row_as_full_screen_section=&#8220;no&#8220; type=&#8220;grid&#8220; text_align=&#8220;left&#8220; background_image=&#8220;750&#8243; background_animation=&#8220;none&#8220; css_animation=&#8220;&#8220; css=&#8220;.vc_custom_1702119586636{background-image: url(https:\/\/casa-lini.com\/wp-content\/uploads\/2023\/12\/02_500x900.jpg?id=36) !important;}&#8220;][vc_column css=&#8220;.vc_custom_1702119765658{background-position:...\" \/>\n<meta property=\"og:url\" content=\"https:\/\/casa-lini.com\/\" \/>\n<meta property=\"og:site_name\" content=\"Casa Lini Puglia for rent\" \/>\n<meta property=\"article:modified_time\" content=\"2023-12-15T05:59:11+00:00\" \/>\n<meta property=\"og:image\" content=\"https:\/\/casa-lini.com\/wp-content\/uploads\/2023\/12\/0587_Fallback_1.jpg\" \/>\n\t<meta property=\"og:image:width\" content=\"1200\" \/>\n\t<meta property=\"og:image:height\" content=\"675\" \/>\n\t<meta property=\"og:image:type\" content=\"image\/jpeg\" \/>\n<meta name=\"twitter:card\" content=\"summary_large_image\" \/>\n<meta name=\"twitter:label1\" content=\"Gesch\u00e4tzte Lesezeit\" \/>\n\t<meta name=\"twitter:data1\" content=\"6\u00a0Minuten\" \/>\n<script type=\"application\/ld+json\" class=\"yoast-schema-graph\">{\"@context\":\"https:\/\/schema.org\",\"@graph\":[{\"@type\":\"WebPage\",\"@id\":\"https:\/\/casa-lini.com\/\",\"url\":\"https:\/\/casa-lini.com\/\",\"name\":\"Casa Lini Puglia for rent\",\"isPartOf\":{\"@id\":\"https:\/\/casa-lini.com\/#website\"},\"datePublished\":\"2023-12-11T12:05:57+00:00\",\"dateModified\":\"2023-12-15T05:59:11+00:00\",\"breadcrumb\":{\"@id\":\"https:\/\/casa-lini.com\/#breadcrumb\"},\"inLanguage\":\"de\",\"potentialAction\":[{\"@type\":\"ReadAction\",\"target\":[\"https:\/\/casa-lini.com\/\"]}]},{\"@type\":\"BreadcrumbList\",\"@id\":\"https:\/\/casa-lini.com\/#breadcrumb\",\"itemListElement\":[{\"@type\":\"ListItem\",\"position\":1,\"name\":\"Startseite\",\"item\":\"https:\/\/casa-lini.com\/\"},{\"@type\":\"ListItem\",\"position\":2,\"name\":\"home\"}]},{\"@type\":\"WebSite\",\"@id\":\"https:\/\/casa-lini.com\/#website\",\"url\":\"https:\/\/casa-lini.com\/\",\"name\":\"Casa Lini Puglia for rent\",\"description\":\"Ferienhaus in Apulien\",\"publisher\":{\"@id\":\"https:\/\/casa-lini.com\/#\/schema\/person\/dd2f1ad9abc0d460b0e2fa03883c7f2e\"},\"alternateName\":\"Ferienhaus Apulien\",\"potentialAction\":[{\"@type\":\"SearchAction\",\"target\":{\"@type\":\"EntryPoint\",\"urlTemplate\":\"https:\/\/casa-lini.com\/?s={search_term_string}\"},\"query-input\":\"required name=search_term_string\"}],\"inLanguage\":\"de\"},{\"@type\":[\"Person\",\"Organization\"],\"@id\":\"https:\/\/casa-lini.com\/#\/schema\/person\/dd2f1ad9abc0d460b0e2fa03883c7f2e\",\"name\":\"Andreas_\",\"image\":{\"@type\":\"ImageObject\",\"inLanguage\":\"de\",\"@id\":\"https:\/\/casa-lini.com\/#\/schema\/person\/image\/\",\"url\":\"https:\/\/secure.gravatar.com\/avatar\/5fa10cfa06abe960200b6dbe4b41136080cc5fcbf9e3a2f675dbe36dcdee010a?s=96&d=mm&r=g\",\"contentUrl\":\"https:\/\/secure.gravatar.com\/avatar\/5fa10cfa06abe960200b6dbe4b41136080cc5fcbf9e3a2f675dbe36dcdee010a?s=96&d=mm&r=g\",\"caption\":\"Andreas_\"},\"logo\":{\"@id\":\"https:\/\/casa-lini.com\/#\/schema\/person\/image\/\"},\"sameAs\":[\"http:\/\/casa-lini.com\"]}]}<\/script>\n<!-- \/ Yoast SEO plugin. -->","yoast_head_json":{"title":"Casa Lini Puglia for rent","robots":{"index":"index","follow":"follow","max-snippet":"max-snippet:-1","max-image-preview":"max-image-preview:large","max-video-preview":"max-video-preview:-1"},"canonical":"https:\/\/casa-lini.com\/","og_locale":"de_DE","og_type":"article","og_title":"Casa Lini Puglia for rent","og_description":"[vc_row row_type=&#8220;row&#8220; use_row_as_full_screen_section=&#8220;no&#8220; type=&#8220;grid&#8220; text_align=&#8220;left&#8220; background_image=&#8220;750&#8243; background_animation=&#8220;none&#8220; css_animation=&#8220;&#8220; css=&#8220;.vc_custom_1702119367905{background-image: url(https:\/\/casa-lini.com\/wp-content\/uploads\/2023\/12\/02.jpg?id=34) !important;}&#8220;][vc_column css=&#8220;.vc_custom_1702119772454{background-position: center !important;background-repeat: no-repeat !important;background-size: contain !important;}&#8220; offset=&#8220;vc_hidden-xs&#8220;][vc_column_text css=&#8220;.vc_custom_1702617910195{padding-top: 150px !important;}&#8220;] Casa Lini Puglia [\/vc_column_text][vc_column_text css=&#8220;.vc_custom_1702617952124{padding-top: 10px !important;padding-bottom: 350px !important;}&#8220;] Temporary Paradise [\/vc_column_text][\/vc_column][\/vc_row][vc_row row_type=&#8220;row&#8220; use_row_as_full_screen_section=&#8220;no&#8220; type=&#8220;grid&#8220; text_align=&#8220;left&#8220; background_image=&#8220;750&#8243; background_animation=&#8220;none&#8220; css_animation=&#8220;&#8220; css=&#8220;.vc_custom_1702119586636{background-image: url(https:\/\/casa-lini.com\/wp-content\/uploads\/2023\/12\/02_500x900.jpg?id=36) !important;}&#8220;][vc_column css=&#8220;.vc_custom_1702119765658{background-position:...","og_url":"https:\/\/casa-lini.com\/","og_site_name":"Casa Lini Puglia for rent","article_modified_time":"2023-12-15T05:59:11+00:00","og_image":[{"width":1200,"height":675,"url":"https:\/\/casa-lini.com\/wp-content\/uploads\/2023\/12\/0587_Fallback_1.jpg","type":"image\/jpeg"}],"twitter_card":"summary_large_image","twitter_misc":{"Gesch\u00e4tzte Lesezeit":"6\u00a0Minuten"},"schema":{"@context":"https:\/\/schema.org","@graph":[{"@type":"WebPage","@id":"https:\/\/casa-lini.com\/","url":"https:\/\/casa-lini.com\/","name":"Casa Lini Puglia for rent","isPartOf":{"@id":"https:\/\/casa-lini.com\/#website"},"datePublished":"2023-12-11T12:05:57+00:00","dateModified":"2023-12-15T05:59:11+00:00","breadcrumb":{"@id":"https:\/\/casa-lini.com\/#breadcrumb"},"inLanguage":"de","potentialAction":[{"@type":"ReadAction","target":["https:\/\/casa-lini.com\/"]}]},{"@type":"BreadcrumbList","@id":"https:\/\/casa-lini.com\/#breadcrumb","itemListElement":[{"@type":"ListItem","position":1,"name":"Startseite","item":"https:\/\/casa-lini.com\/"},{"@type":"ListItem","position":2,"name":"home"}]},{"@type":"WebSite","@id":"https:\/\/casa-lini.com\/#website","url":"https:\/\/casa-lini.com\/","name":"Casa Lini Puglia for rent","description":"Ferienhaus in Apulien","publisher":{"@id":"https:\/\/casa-lini.com\/#\/schema\/person\/dd2f1ad9abc0d460b0e2fa03883c7f2e"},"alternateName":"Ferienhaus Apulien","potentialAction":[{"@type":"SearchAction","target":{"@type":"EntryPoint","urlTemplate":"https:\/\/casa-lini.com\/?s={search_term_string}"},"query-input":"required name=search_term_string"}],"inLanguage":"de"},{"@type":["Person","Organization"],"@id":"https:\/\/casa-lini.com\/#\/schema\/person\/dd2f1ad9abc0d460b0e2fa03883c7f2e","name":"Andreas_","image":{"@type":"ImageObject","inLanguage":"de","@id":"https:\/\/casa-lini.com\/#\/schema\/person\/image\/","url":"https:\/\/secure.gravatar.com\/avatar\/5fa10cfa06abe960200b6dbe4b41136080cc5fcbf9e3a2f675dbe36dcdee010a?s=96&d=mm&r=g","contentUrl":"https:\/\/secure.gravatar.com\/avatar\/5fa10cfa06abe960200b6dbe4b41136080cc5fcbf9e3a2f675dbe36dcdee010a?s=96&d=mm&r=g","caption":"Andreas_"},"logo":{"@id":"https:\/\/casa-lini.com\/#\/schema\/person\/image\/"},"sameAs":["http:\/\/casa-lini.com"]}]}},"_links":{"self":[{"href":"https:\/\/casa-lini.com\/index.php\/wp-json\/wp\/v2\/pages\/84","targetHints":{"allow":["GET"]}}],"collection":[{"href":"https:\/\/casa-lini.com\/index.php\/wp-json\/wp\/v2\/pages"}],"about":[{"href":"https:\/\/casa-lini.com\/index.php\/wp-json\/wp\/v2\/types\/page"}],"author":[{"embeddable":true,"href":"https:\/\/casa-lini.com\/index.php\/wp-json\/wp\/v2\/users\/1"}],"replies":[{"embeddable":true,"href":"https:\/\/casa-lini.com\/index.php\/wp-json\/wp\/v2\/comments?post=84"}],"version-history":[{"count":49,"href":"https:\/\/casa-lini.com\/index.php\/wp-json\/wp\/v2\/pages\/84\/revisions"}],"predecessor-version":[{"id":355,"href":"https:\/\/casa-lini.com\/index.php\/wp-json\/wp\/v2\/pages\/84\/revisions\/355"}],"wp:attachment":[{"href":"https:\/\/casa-lini.com\/index.php\/wp-json\/wp\/v2\/media?parent=84"}],"curies":[{"name":"wp","href":"https:\/\/api.w.org\/{rel}","templated":true}]}}